{"id":3,"date":"2024-03-30T17:32:23","date_gmt":"2024-03-30T16:32:23","guid":{"rendered":"http:\/\/alicia-sophro.fr\/?page_id=3"},"modified":"2024-05-31T13:32:32","modified_gmt":"2024-05-31T11:32:32","slug":"politique-de-confidentialite","status":"publish","type":"page","link":"https:\/\/alicia-sophro.fr\/index.php\/politique-de-confidentialite\/","title":{"rendered":"Mentions l\u00e9gales"},"content":{"rendered":"\n<h2 class=\"wp-block-heading\" style=\"font-size:24px\">Qui sommes nous&nbsp;?<\/h2>\n\n\n\n<p><strong>Alicia Godebert &#8211; Sophrologue<\/strong><br>Micro entreprise<br>Si\u00e8ge social&nbsp;: 15 all\u00e9e d&rsquo;Ozonville, 91200 Athis-Mons &#8211; France<br>T\u00e9l&nbsp;: 06 21 98 60 24<br>SIRET&nbsp;: 92284041800011<\/p>\n\n\n\n<h2 class=\"wp-block-heading\" style=\"font-size:24px\">H\u00e9bergeur<\/h2>\n\n\n\n<p>Nom de l\u2019h\u00e9bergeur&nbsp;: OVH<br>Si\u00e8ge social&nbsp;: 2 rue Kellermann &#8211; 59100 Roubaix &#8211; France<br>T\u00e9l&nbsp;: 0 820 698 765<\/p>\n\n\n\n<p>L\u2019ensemble de ce site rel\u00e8ve des l\u00e9gislations fran\u00e7aises et internationales sur le droit d\u2019auteur et la propri\u00e9t\u00e9 intellectuelle. Tous les droits de reproduction sont r\u00e9serv\u00e9s, y compris pour les documents iconographiques et photographiques.<\/p>\n\n\n\n<h2 class=\"wp-block-heading\" style=\"font-size:24px\">Utilisation et transmission de vos donn\u00e9es personnelles<\/h2>\n\n\n\n<p>Nous accordons une attention toute particuli\u00e8re \u00e0 la confidentialit\u00e9 et \u00e0 la s\u00e9curit\u00e9 des donn\u00e9es \u00e0 caract\u00e8re personnel concernant les titulaires de comptes.<\/p>\n\n\n\n<h2 class=\"wp-block-heading\" style=\"font-size:24px\">Dur\u00e9es de stockage de vos donn\u00e9es<\/h2>\n\n\n\n<p>Vos donn\u00e9es sont stock\u00e9es pendant 13 mois. Au-del\u00e0 elles sont d\u00e9truites.<\/p>\n\n\n\n<h2 class=\"wp-block-heading\" style=\"font-size:24px\">Les droits que vous avez sur vos donn\u00e9es<\/h2>\n\n\n\n<p>Vous avez le droit d&rsquo;acc\u00e9der, de modifier et de supprimer vos donn\u00e9es personnelles.<\/p>\n\n\n\n<h2 class=\"wp-block-heading\" style=\"font-size:24px\">M\u00e9diation de la consommation<\/h2>\n\n\n\n<p>\u00ab Conform\u00e9ment aux articles L.616-1 et R.616-1 du code de la consommation, nous proposons un dispositif de m\u00e9diation de la consommation.<\/p>\n\n\n\n<p>L&rsquo;entit\u00e9 de m\u00e9diation retenue est : CNPM M\u00c9DIATION CONSOMMATION.<\/p>\n\n\n\n<p>En cas de litige, vous pouvez d\u00e9poser votre r\u00e9clamation sur son site : <a href=\"https:\/\/cnpm-mediation-consommation.eu\">https:\/\/cnpm-mediation-consommation.eu<\/a> ou par voie postale en \u00e9crivant \u00e0 CNPM M\u00c9DIATION CONSOMMATION &#8211; 27, avenue de la Lib\u00e9ration &#8211; 42400 Saint-Chamond&nbsp;\u00bb.<\/p>\n","protected":false},"excerpt":{"rendered":"<p>Qui sommes nous&nbsp;? Alicia Godebert &#8211; SophrologueMicro entrepriseSi\u00e8ge social&nbsp;: 15 all\u00e9e d&rsquo;Ozonville, 91200 Athis-Mons &#8211; FranceT\u00e9l&nbsp;: 06 21 98 60 24SIRET&nbsp;: 92284041800011 H\u00e9bergeur Nom de l\u2019h\u00e9bergeur&nbsp;: OVHSi\u00e8ge social&nbsp;: 2 rue Kellermann &#8211; 59100 Roubaix &#8211; FranceT\u00e9l&nbsp;: 0 820 698 765 L\u2019ensemble de ce site rel\u00e8ve des l\u00e9gislations fran\u00e7aises et internationales sur le droit d\u2019auteur et [&hellip;]<\/p>\n","protected":false},"author":1,"featured_media":0,"parent":0,"menu_order":0,"comment_status":"closed","ping_status":"open","template":"","meta":{"footnotes":""},"class_list":["post-3","page","type-page","status-publish","hentry"],"yoast_head":"<!-- This site is optimized with the Yoast SEO plugin v22.3 - https:\/\/yoast.com\/wordpress\/plugins\/seo\/ -->\n<title>Mentions l\u00e9gales - Alicia Godebert<\/title>\n<meta name=\"robots\" content=\"noindex, follow\" \/>\n<meta property=\"og:locale\" content=\"fr_FR\" \/>\n<meta property=\"og:type\" content=\"article\" \/>\n<meta property=\"og:title\" content=\"Mentions l\u00e9gales - Alicia Godebert\" \/>\n<meta property=\"og:description\" content=\"Qui sommes nous&nbsp;? Alicia Godebert &#8211; SophrologueMicro entrepriseSi\u00e8ge social&nbsp;: 15 all\u00e9e d&rsquo;Ozonville, 91200 Athis-Mons &#8211; FranceT\u00e9l&nbsp;: 06 21 98 60 24SIRET&nbsp;: 92284041800011 H\u00e9bergeur Nom de l\u2019h\u00e9bergeur&nbsp;: OVHSi\u00e8ge social&nbsp;: 2 rue Kellermann &#8211; 59100 Roubaix &#8211; FranceT\u00e9l&nbsp;: 0 820 698 765 L\u2019ensemble de ce site rel\u00e8ve des l\u00e9gislations fran\u00e7aises et internationales sur le droit d\u2019auteur et [&hellip;]\" \/>\n<meta property=\"og:url\" content=\"https:\/\/alicia-sophro.fr\/index.php\/politique-de-confidentialite\/\" \/>\n<meta property=\"og:site_name\" content=\"Alicia Godebert\" \/>\n<meta property=\"article:modified_time\" content=\"2024-05-31T11:32:32+00:00\" \/>\n<meta name=\"twitter:card\" content=\"summary_large_image\" \/>\n<meta name=\"twitter:label1\" content=\"Dur\u00e9e de lecture estim\u00e9e\" \/>\n\t<meta name=\"twitter:data1\" content=\"2 minutes\" \/>\n<script type=\"application\/ld+json\" class=\"yoast-schema-graph\">{\"@context\":\"https:\/\/schema.org\",\"@graph\":[{\"@type\":\"WebPage\",\"@id\":\"https:\/\/alicia-sophro.fr\/index.php\/politique-de-confidentialite\/\",\"url\":\"https:\/\/alicia-sophro.fr\/index.php\/politique-de-confidentialite\/\",\"name\":\"Mentions l\u00e9gales - Alicia Godebert\",\"isPartOf\":{\"@id\":\"https:\/\/alicia-sophro.fr\/#website\"},\"datePublished\":\"2024-03-30T16:32:23+00:00\",\"dateModified\":\"2024-05-31T11:32:32+00:00\",\"breadcrumb\":{\"@id\":\"https:\/\/alicia-sophro.fr\/index.php\/politique-de-confidentialite\/#breadcrumb\"},\"inLanguage\":\"fr-FR\",\"potentialAction\":[{\"@type\":\"ReadAction\",\"target\":[\"https:\/\/alicia-sophro.fr\/index.php\/politique-de-confidentialite\/\"]}]},{\"@type\":\"BreadcrumbList\",\"@id\":\"https:\/\/alicia-sophro.fr\/index.php\/politique-de-confidentialite\/#breadcrumb\",\"itemListElement\":[{\"@type\":\"ListItem\",\"position\":1,\"name\":\"Accueil\",\"item\":\"https:\/\/alicia-sophro.fr\/\"},{\"@type\":\"ListItem\",\"position\":2,\"name\":\"Mentions l\u00e9gales\"}]},{\"@type\":\"WebSite\",\"@id\":\"https:\/\/alicia-sophro.fr\/#website\",\"url\":\"https:\/\/alicia-sophro.fr\/\",\"name\":\"Alicia Godebert\",\"description\":\"\",\"publisher\":{\"@id\":\"https:\/\/alicia-sophro.fr\/#organization\"},\"potentialAction\":[{\"@type\":\"SearchAction\",\"target\":{\"@type\":\"EntryPoint\",\"urlTemplate\":\"https:\/\/alicia-sophro.fr\/?s={search_term_string}\"},\"query-input\":\"required name=search_term_string\"}],\"inLanguage\":\"fr-FR\"},{\"@type\":\"Organization\",\"@id\":\"https:\/\/alicia-sophro.fr\/#organization\",\"name\":\"Alicia Godebert\",\"url\":\"https:\/\/alicia-sophro.fr\/\",\"logo\":{\"@type\":\"ImageObject\",\"inLanguage\":\"fr-FR\",\"@id\":\"https:\/\/alicia-sophro.fr\/#\/schema\/logo\/image\/\",\"url\":\"https:\/\/alicia-sophro.fr\/wp-content\/uploads\/2024\/03\/Logo-Alicia-sophrologue.png\",\"contentUrl\":\"https:\/\/alicia-sophro.fr\/wp-content\/uploads\/2024\/03\/Logo-Alicia-sophrologue.png\",\"width\":1050,\"height\":600,\"caption\":\"Alicia Godebert\"},\"image\":{\"@id\":\"https:\/\/alicia-sophro.fr\/#\/schema\/logo\/image\/\"}}]}<\/script>\n<!-- \/ Yoast SEO plugin. -->","yoast_head_json":{"title":"Mentions l\u00e9gales - Alicia Godebert","robots":{"index":"noindex","follow":"follow"},"og_locale":"fr_FR","og_type":"article","og_title":"Mentions l\u00e9gales - Alicia Godebert","og_description":"Qui sommes nous&nbsp;? Alicia Godebert &#8211; SophrologueMicro entrepriseSi\u00e8ge social&nbsp;: 15 all\u00e9e d&rsquo;Ozonville, 91200 Athis-Mons &#8211; FranceT\u00e9l&nbsp;: 06 21 98 60 24SIRET&nbsp;: 92284041800011 H\u00e9bergeur Nom de l\u2019h\u00e9bergeur&nbsp;: OVHSi\u00e8ge social&nbsp;: 2 rue Kellermann &#8211; 59100 Roubaix &#8211; FranceT\u00e9l&nbsp;: 0 820 698 765 L\u2019ensemble de ce site rel\u00e8ve des l\u00e9gislations fran\u00e7aises et internationales sur le droit d\u2019auteur et [&hellip;]","og_url":"https:\/\/alicia-sophro.fr\/index.php\/politique-de-confidentialite\/","og_site_name":"Alicia Godebert","article_modified_time":"2024-05-31T11:32:32+00:00","twitter_card":"summary_large_image","twitter_misc":{"Dur\u00e9e de lecture estim\u00e9e":"2 minutes"},"schema":{"@context":"https:\/\/schema.org","@graph":[{"@type":"WebPage","@id":"https:\/\/alicia-sophro.fr\/index.php\/politique-de-confidentialite\/","url":"https:\/\/alicia-sophro.fr\/index.php\/politique-de-confidentialite\/","name":"Mentions l\u00e9gales - Alicia Godebert","isPartOf":{"@id":"https:\/\/alicia-sophro.fr\/#website"},"datePublished":"2024-03-30T16:32:23+00:00","dateModified":"2024-05-31T11:32:32+00:00","breadcrumb":{"@id":"https:\/\/alicia-sophro.fr\/index.php\/politique-de-confidentialite\/#breadcrumb"},"inLanguage":"fr-FR","potentialAction":[{"@type":"ReadAction","target":["https:\/\/alicia-sophro.fr\/index.php\/politique-de-confidentialite\/"]}]},{"@type":"BreadcrumbList","@id":"https:\/\/alicia-sophro.fr\/index.php\/politique-de-confidentialite\/#breadcrumb","itemListElement":[{"@type":"ListItem","position":1,"name":"Accueil","item":"https:\/\/alicia-sophro.fr\/"},{"@type":"ListItem","position":2,"name":"Mentions l\u00e9gales"}]},{"@type":"WebSite","@id":"https:\/\/alicia-sophro.fr\/#website","url":"https:\/\/alicia-sophro.fr\/","name":"Alicia Godebert","description":"","publisher":{"@id":"https:\/\/alicia-sophro.fr\/#organization"},"potentialAction":[{"@type":"SearchAction","target":{"@type":"EntryPoint","urlTemplate":"https:\/\/alicia-sophro.fr\/?s={search_term_string}"},"query-input":"required name=search_term_string"}],"inLanguage":"fr-FR"},{"@type":"Organization","@id":"https:\/\/alicia-sophro.fr\/#organization","name":"Alicia Godebert","url":"https:\/\/alicia-sophro.fr\/","logo":{"@type":"ImageObject","inLanguage":"fr-FR","@id":"https:\/\/alicia-sophro.fr\/#\/schema\/logo\/image\/","url":"https:\/\/alicia-sophro.fr\/wp-content\/uploads\/2024\/03\/Logo-Alicia-sophrologue.png","contentUrl":"https:\/\/alicia-sophro.fr\/wp-content\/uploads\/2024\/03\/Logo-Alicia-sophrologue.png","width":1050,"height":600,"caption":"Alicia Godebert"},"image":{"@id":"https:\/\/alicia-sophro.fr\/#\/schema\/logo\/image\/"}}]}},"_links":{"self":[{"href":"https:\/\/alicia-sophro.fr\/index.php\/wp-json\/wp\/v2\/pages\/3","targetHints":{"allow":["GET"]}}],"collection":[{"href":"https:\/\/alicia-sophro.fr\/index.php\/wp-json\/wp\/v2\/pages"}],"about":[{"href":"https:\/\/alicia-sophro.fr\/index.php\/wp-json\/wp\/v2\/types\/page"}],"author":[{"embeddable":true,"href":"https:\/\/alicia-sophro.fr\/index.php\/wp-json\/wp\/v2\/users\/1"}],"replies":[{"embeddable":true,"href":"https:\/\/alicia-sophro.fr\/index.php\/wp-json\/wp\/v2\/comments?post=3"}],"version-history":[{"count":4,"href":"https:\/\/alicia-sophro.fr\/index.php\/wp-json\/wp\/v2\/pages\/3\/revisions"}],"predecessor-version":[{"id":285,"href":"https:\/\/alicia-sophro.fr\/index.php\/wp-json\/wp\/v2\/pages\/3\/revisions\/285"}],"wp:attachment":[{"href":"https:\/\/alicia-sophro.fr\/index.php\/wp-json\/wp\/v2\/media?parent=3"}],"curies":[{"name":"wp","href":"https:\/\/api.w.org\/{rel}","templated":true}]}}