{"id":34,"date":"2024-03-31T16:30:42","date_gmt":"2024-03-31T14:30:42","guid":{"rendered":"https:\/\/alicia-sophro.fr\/?page_id=34"},"modified":"2024-09-23T14:50:51","modified_gmt":"2024-09-23T12:50:51","slug":"seance-entreprise","status":"publish","type":"page","link":"https:\/\/alicia-sophro.fr\/index.php\/seance-entreprise\/","title":{"rendered":"S\u00e9ance entreprise"},"content":{"rendered":"\n<div class=\"wp-block-group alignfull has-background is-layout-constrained wp-container-core-group-is-layout-e51076de wp-block-group-is-layout-constrained\" style=\"background-color:#bec6ba;padding-top:110px;padding-right:1.5rem;padding-bottom:110px;padding-left:1.5rem\">\n<div class=\"wp-block-columns is-layout-flex wp-container-core-columns-is-layout-e05d3243 wp-block-columns-is-layout-flex\" style=\"padding-top:0px;padding-right:0px;padding-bottom:0px;padding-left:0px\">\n<div class=\"wp-block-column is-layout-flow wp-block-column-is-layout-flow\">\n<div class=\"wp-block-group has-background-background-color has-background is-layout-flow wp-block-group-is-layout-flow\" style=\"padding-top:12%;padding-right:12%;padding-bottom:12%;padding-left:12%\">\n<h2 class=\"wp-block-heading is-style-ona-alt-font has-primary-color has-text-color has-dancing-script-font-family has-large-font-size\" id=\"my-travel-gear\" style=\"line-height:1.2\">S\u00e9ance entreprise<\/h2>\n\n\n\n<p class=\"has-bellefair-font-family\">D\u00e9couvrez comment la sophrologie peut contribuer \u00e0 votre bien-\u00eatre et \u00e0 votre performance au travail. <\/p>\n\n\n\n<p class=\"has-bellefair-font-family\">En tant qu\u2019intervenante bien-\u00eatre en entreprise, j\u2019ai d\u00e9velopp\u00e9 une approche compl\u00e8te pour r\u00e9pondre aux besoins sp\u00e9cifiques des entreprises et des collectivit\u00e9s. J\u2019ai con\u00e7u une formation sur 8 modules, alliant th\u00e9orie et pratique, qui s\u2019adapte \u00e0 toutes les organisations. Cette formation aborde des th\u00e8mes essentiels pour am\u00e9liorer la qualit\u00e9 de vie au travail, tels que :<\/p>\n\n\n\n<ul class=\"wp-block-list\">\n<li class=\"has-bellefair-font-family\">Le bien-\u00eatre au travail,<\/li>\n\n\n\n<li class=\"has-bellefair-font-family\">Le stress et son niveau optimum,<\/li>\n\n\n\n<li class=\"has-bellefair-font-family\">La sophrologie pour agir et interagir autrement,<\/li>\n\n\n\n<li class=\"has-bellefair-font-family\">L\u2019\u00e9quilibre entre vie professionnelle et personnelle,<\/li>\n\n\n\n<li class=\"has-bellefair-font-family\">Devenir acteur de son bien-\u00eatre.<\/li>\n<\/ul>\n\n\n\n<p class=\"has-bellefair-font-family\">Mes services sur mesure comprennent \u00e9galement des s\u00e9ances de groupe, des ateliers th\u00e9matiques et des protocoles adapt\u00e9s \u00e0 vos besoins sp\u00e9cifiques. En abordant des th\u00e9matiques telles que la gestion du stress, la confiance en soi, ou la gestion des \u00e9motions, j\u2019aide vos employ\u00e9s \u00e0 d\u00e9velopper des comp\u00e9tences cl\u00e9s pour relever les d\u00e9fis professionnels.<\/p>\n\n\n\n<p class=\"has-bellefair-font-family\">Les avantages pour votre entreprise incluent une r\u00e9duction de l\u2019absent\u00e9isme, une augmentation de la productivit\u00e9 et une am\u00e9lioration du climat social. Avec des interventions flexibles sur site, je suis votre partenaire id\u00e9al pour promouvoir le bien-\u00eatre au travail et contribuer \u00e0 la r\u00e9ussite de votre entreprise.<span id=\"docs-internal-guid-2472057f-7fff-ee60-dfab-34210ec90d8a\"><div><span style=\"font-size: 11pt; font-family: Arial, sans-serif; color: rgb(0, 0, 0); background-color: transparent; font-variant-numeric: normal; font-variant-east-asian: normal; font-variant-alternates: normal; font-variant-position: normal; vertical-align: baseline;\"><\/span><\/div><\/span><\/p>\n\n\n\n<div style=\"height:10px\" aria-hidden=\"true\" class=\"wp-block-spacer\"><\/div>\n<\/div>\n<\/div>\n\n\n\n<div class=\"wp-block-column is-style-no-spacing is-layout-flow wp-block-column-is-layout-flow\">\n<div class=\"wp-block-cover is-light is-vertically-stretched\"><span aria-hidden=\"true\" class=\"wp-block-cover__background has-background-dim-0 has-background-dim\"><\/span><img loading=\"lazy\" decoding=\"async\" width=\"758\" height=\"944\" class=\"wp-block-cover__image-background wp-image-11\" alt=\"S\u00e9ance entreprise - Alicia Godebert Sophrologue\" src=\"http:\/\/alicia-sophro.fr\/wp-content\/uploads\/2024\/03\/Fleurs-Seance-entreprise.png\" data-object-fit=\"cover\" srcset=\"https:\/\/alicia-sophro.fr\/wp-content\/uploads\/2024\/03\/Fleurs-Seance-entreprise.png 758w, https:\/\/alicia-sophro.fr\/wp-content\/uploads\/2024\/03\/Fleurs-Seance-entreprise-241x300.png 241w\" sizes=\"auto, (max-width: 758px) 100vw, 758px\" \/><div class=\"wp-block-cover__inner-container is-layout-flow wp-block-cover-is-layout-flow\">\n<p class=\"has-text-align-center has-large-font-size\"><\/p>\n<\/div><\/div>\n<\/div>\n<\/div>\n<\/div>\n\n\n\n<div class=\"wp-block-group alignfull is-style-no-spacing has-tertiary-background-color has-background is-layout-constrained wp-container-core-group-is-layout-3811b1d4 wp-block-group-is-layout-constrained\" style=\"padding-top:113px;padding-bottom:0px\">\n<h2 class=\"wp-block-heading has-text-align-center is-style-ona-alt-font has-dancing-script-font-family has-large-font-size\">Mes services<\/h2>\n\n\n\n<div class=\"wp-block-columns is-layout-flex wp-container-core-columns-is-layout-34142c5b wp-block-columns-is-layout-flex\">\n<div class=\"wp-block-column is-layout-flow wp-block-column-is-layout-flow\">\n<div class=\"wp-block-cover hover-scale ona-stroke-frame\" style=\"min-height:370px;aspect-ratio:unset;\"><span aria-hidden=\"true\" class=\"wp-block-cover__background has-background-dim\"><\/span><img loading=\"lazy\" decoding=\"async\" width=\"614\" height=\"934\" class=\"wp-block-cover__image-background wp-image-10\" alt=\"\" src=\"http:\/\/alicia-sophro.fr\/wp-content\/uploads\/2024\/03\/galet-seance-individuelle.png\" data-object-fit=\"cover\" srcset=\"https:\/\/alicia-sophro.fr\/wp-content\/uploads\/2024\/03\/galet-seance-individuelle.png 614w, https:\/\/alicia-sophro.fr\/wp-content\/uploads\/2024\/03\/galet-seance-individuelle-197x300.png 197w\" sizes=\"auto, (max-width: 614px) 100vw, 614px\" \/><div class=\"wp-block-cover__inner-container is-layout-flow wp-block-cover-is-layout-flow\">\n<div class=\"wp-block-group is-layout-flow wp-block-group-is-layout-flow\">\n<div class=\"wp-block-buttons is-horizontal is-content-justification-center is-layout-flex wp-container-core-buttons-is-layout-03627597 wp-block-buttons-is-layout-flex\">\n<div class=\"wp-block-button has-custom-font-size is-style-ona-button-arrow-icon has-bellefair-font-family has-tiny-font-size\"><a class=\"wp-block-button__link has-background-color has-text-color has-background wp-element-button\" href=\"http:\/\/alicia-sophro.fr\/index.php\/seance-individuelle\/\" style=\"border-style:none;border-width:0px;border-radius:0px;background-color:#bec6ba;padding-top:16px;padding-right:32px;padding-bottom:16px;padding-left:32px\">SEANCE INDIVIDUELLE<\/a><\/div>\n<\/div>\n<\/div>\n<\/div><\/div>\n\n\n\n<div style=\"height:20px\" aria-hidden=\"true\" class=\"wp-block-spacer\"><\/div>\n<\/div>\n\n\n\n<div class=\"wp-block-column is-layout-flow wp-block-column-is-layout-flow\">\n<div style=\"height:96px\" aria-hidden=\"true\" class=\"wp-block-spacer ona-sm-down-height-0\"><\/div>\n\n\n\n<div class=\"wp-block-cover hover-scale is-style-ona-stroke-frame\" style=\"min-height:370px;aspect-ratio:unset;\"><span aria-hidden=\"true\" class=\"wp-block-cover__background has-background-dim\"><\/span><img loading=\"lazy\" decoding=\"async\" width=\"608\" height=\"906\" class=\"wp-block-cover__image-background wp-image-12\" alt=\"\" src=\"http:\/\/alicia-sophro.fr\/wp-content\/uploads\/2024\/03\/ble.png\" data-object-fit=\"cover\" srcset=\"https:\/\/alicia-sophro.fr\/wp-content\/uploads\/2024\/03\/ble.png 608w, https:\/\/alicia-sophro.fr\/wp-content\/uploads\/2024\/03\/ble-201x300.png 201w\" sizes=\"auto, (max-width: 608px) 100vw, 608px\" \/><div class=\"wp-block-cover__inner-container is-layout-flow wp-block-cover-is-layout-flow\">\n<div class=\"wp-block-buttons is-horizontal is-content-justification-center is-layout-flex wp-container-core-buttons-is-layout-03627597 wp-block-buttons-is-layout-flex\">\n<div class=\"wp-block-button has-custom-font-size is-style-ona-button-arrow-icon has-bellefair-font-family has-tiny-font-size\"><a class=\"wp-block-button__link has-background-color has-text-color has-background wp-element-button\" href=\"https:\/\/alicia-sophro.fr\/index.php\/seance-groupe\/\" style=\"border-style:none;border-width:0px;border-radius:0px;background-color:#bec6ba;padding-top:16px;padding-right:32px;padding-bottom:16px;padding-left:32px\">SEANCE GROUPE<\/a><\/div>\n<\/div>\n<\/div><\/div>\n\n\n\n<div style=\"height:20px\" aria-hidden=\"true\" class=\"wp-block-spacer\"><\/div>\n<\/div>\n\n\n\n<div class=\"wp-block-column is-layout-flow wp-block-column-is-layout-flow\">\n<div class=\"wp-block-cover is-light hover-scale is-style-ona-stroke-frame\" style=\"min-height:370px;aspect-ratio:unset;\"><span aria-hidden=\"true\" class=\"wp-block-cover__background has-background-dim\" style=\"background-color:#b8b6aa\"><\/span><img loading=\"lazy\" decoding=\"async\" width=\"2560\" height=\"1707\" class=\"wp-block-cover__image-background wp-image-355\" alt=\"\" src=\"https:\/\/alicia-sophro.fr\/wp-content\/uploads\/2024\/09\/pexels-karolina-grabowska-5202532-scaled.jpg\" data-object-fit=\"cover\" srcset=\"https:\/\/alicia-sophro.fr\/wp-content\/uploads\/2024\/09\/pexels-karolina-grabowska-5202532-scaled.jpg 2560w, https:\/\/alicia-sophro.fr\/wp-content\/uploads\/2024\/09\/pexels-karolina-grabowska-5202532-300x200.jpg 300w, https:\/\/alicia-sophro.fr\/wp-content\/uploads\/2024\/09\/pexels-karolina-grabowska-5202532-1024x683.jpg 1024w, https:\/\/alicia-sophro.fr\/wp-content\/uploads\/2024\/09\/pexels-karolina-grabowska-5202532-768x512.jpg 768w, https:\/\/alicia-sophro.fr\/wp-content\/uploads\/2024\/09\/pexels-karolina-grabowska-5202532-1536x1024.jpg 1536w, https:\/\/alicia-sophro.fr\/wp-content\/uploads\/2024\/09\/pexels-karolina-grabowska-5202532-2048x1365.jpg 2048w, https:\/\/alicia-sophro.fr\/wp-content\/uploads\/2024\/09\/pexels-karolina-grabowska-5202532-1170x780.jpg 1170w\" sizes=\"auto, (max-width: 2560px) 100vw, 2560px\" \/><div class=\"wp-block-cover__inner-container is-layout-flow wp-block-cover-is-layout-flow\">\n<div class=\"wp-block-buttons is-horizontal is-content-justification-center is-layout-flex wp-container-core-buttons-is-layout-03627597 wp-block-buttons-is-layout-flex\">\n<div class=\"wp-block-button has-custom-font-size is-style-ona-button-arrow-icon has-bellefair-font-family has-tiny-font-size\"><a class=\"wp-block-button__link has-background-color has-text-color has-background wp-element-button\" href=\"https:\/\/alicia-sophro.fr\/index.php\/ateliers\/\" style=\"border-style:none;border-width:0px;border-radius:0px;background-color:#bec6ba;padding-top:16px;padding-right:32px;padding-bottom:16px;padding-left:32px\">ATELIERS<\/a><\/div>\n<\/div>\n<\/div><\/div>\n<\/div>\n<\/div>\n\n\n\n<div style=\"height:54px\" aria-hidden=\"true\" class=\"wp-block-spacer\"><\/div>\n<\/div>\n","protected":false},"excerpt":{"rendered":"<p>S\u00e9ance entreprise D\u00e9couvrez comment la sophrologie peut contribuer \u00e0 votre bien-\u00eatre et \u00e0 votre performance au travail. En tant qu\u2019intervenante bien-\u00eatre en entreprise, j\u2019ai d\u00e9velopp\u00e9 une approche compl\u00e8te pour r\u00e9pondre aux besoins sp\u00e9cifiques des entreprises et des collectivit\u00e9s. J\u2019ai con\u00e7u une formation sur 8 modules, alliant th\u00e9orie et pratique, qui s\u2019adapte \u00e0 toutes les organisations. [&hellip;]<\/p>\n","protected":false},"author":1,"featured_media":0,"parent":0,"menu_order":0,"comment_status":"closed","ping_status":"closed","template":"","meta":{"footnotes":""},"class_list":["post-34","page","type-page","status-publish","hentry"],"yoast_head":"<!-- This site is optimized with the Yoast SEO plugin v22.3 - https:\/\/yoast.com\/wordpress\/plugins\/seo\/ -->\n<title>S\u00e9ance entreprise - Alicia Godebert<\/title>\n<meta name=\"description\" content=\"S\u00e9ance entreprise - D\u00e9couvrez comment la sophrologie peut contribuer \u00e0 votre bien-\u00eatre et \u00e0 votre performance au travail.\" \/>\n<meta name=\"robots\" content=\"index, follow, max-snippet:-1, max-image-preview:large, max-video-preview:-1\" \/>\n<link rel=\"canonical\" href=\"https:\/\/alicia-sophro.fr\/index.php\/seance-entreprise\/\" \/>\n<meta property=\"og:locale\" content=\"fr_FR\" \/>\n<meta property=\"og:type\" content=\"article\" \/>\n<meta property=\"og:title\" content=\"S\u00e9ance entreprise - Alicia Godebert\" \/>\n<meta property=\"og:description\" content=\"S\u00e9ance entreprise - D\u00e9couvrez comment la sophrologie peut contribuer \u00e0 votre bien-\u00eatre et \u00e0 votre performance au travail.\" \/>\n<meta property=\"og:url\" content=\"https:\/\/alicia-sophro.fr\/index.php\/seance-entreprise\/\" \/>\n<meta property=\"og:site_name\" content=\"Alicia Godebert\" \/>\n<meta property=\"article:modified_time\" content=\"2024-09-23T12:50:51+00:00\" \/>\n<meta property=\"og:image\" content=\"http:\/\/alicia-sophro.fr\/wp-content\/uploads\/2024\/03\/Fleurs-Seance-entreprise.png\" \/>\n<meta name=\"twitter:card\" content=\"summary_large_image\" \/>\n<meta name=\"twitter:label1\" content=\"Dur\u00e9e de lecture estim\u00e9e\" \/>\n\t<meta name=\"twitter:data1\" content=\"2 minutes\" \/>\n<script type=\"application\/ld+json\" class=\"yoast-schema-graph\">{\"@context\":\"https:\/\/schema.org\",\"@graph\":[{\"@type\":\"WebPage\",\"@id\":\"https:\/\/alicia-sophro.fr\/index.php\/seance-entreprise\/\",\"url\":\"https:\/\/alicia-sophro.fr\/index.php\/seance-entreprise\/\",\"name\":\"S\u00e9ance entreprise - Alicia Godebert\",\"isPartOf\":{\"@id\":\"https:\/\/alicia-sophro.fr\/#website\"},\"primaryImageOfPage\":{\"@id\":\"https:\/\/alicia-sophro.fr\/index.php\/seance-entreprise\/#primaryimage\"},\"image\":{\"@id\":\"https:\/\/alicia-sophro.fr\/index.php\/seance-entreprise\/#primaryimage\"},\"thumbnailUrl\":\"http:\/\/alicia-sophro.fr\/wp-content\/uploads\/2024\/03\/Fleurs-Seance-entreprise.png\",\"datePublished\":\"2024-03-31T14:30:42+00:00\",\"dateModified\":\"2024-09-23T12:50:51+00:00\",\"description\":\"S\u00e9ance entreprise - D\u00e9couvrez comment la sophrologie peut contribuer \u00e0 votre bien-\u00eatre et \u00e0 votre performance au travail.\",\"breadcrumb\":{\"@id\":\"https:\/\/alicia-sophro.fr\/index.php\/seance-entreprise\/#breadcrumb\"},\"inLanguage\":\"fr-FR\",\"potentialAction\":[{\"@type\":\"ReadAction\",\"target\":[\"https:\/\/alicia-sophro.fr\/index.php\/seance-entreprise\/\"]}]},{\"@type\":\"ImageObject\",\"inLanguage\":\"fr-FR\",\"@id\":\"https:\/\/alicia-sophro.fr\/index.php\/seance-entreprise\/#primaryimage\",\"url\":\"https:\/\/alicia-sophro.fr\/wp-content\/uploads\/2024\/03\/Fleurs-Seance-entreprise.png\",\"contentUrl\":\"https:\/\/alicia-sophro.fr\/wp-content\/uploads\/2024\/03\/Fleurs-Seance-entreprise.png\",\"width\":758,\"height\":944,\"caption\":\"S\u00e9ance entreprise - Alicia Godebert Sophrologue\"},{\"@type\":\"BreadcrumbList\",\"@id\":\"https:\/\/alicia-sophro.fr\/index.php\/seance-entreprise\/#breadcrumb\",\"itemListElement\":[{\"@type\":\"ListItem\",\"position\":1,\"name\":\"Accueil\",\"item\":\"https:\/\/alicia-sophro.fr\/\"},{\"@type\":\"ListItem\",\"position\":2,\"name\":\"S\u00e9ance entreprise\"}]},{\"@type\":\"WebSite\",\"@id\":\"https:\/\/alicia-sophro.fr\/#website\",\"url\":\"https:\/\/alicia-sophro.fr\/\",\"name\":\"Alicia Godebert\",\"description\":\"\",\"publisher\":{\"@id\":\"https:\/\/alicia-sophro.fr\/#organization\"},\"potentialAction\":[{\"@type\":\"SearchAction\",\"target\":{\"@type\":\"EntryPoint\",\"urlTemplate\":\"https:\/\/alicia-sophro.fr\/?s={search_term_string}\"},\"query-input\":\"required name=search_term_string\"}],\"inLanguage\":\"fr-FR\"},{\"@type\":\"Organization\",\"@id\":\"https:\/\/alicia-sophro.fr\/#organization\",\"name\":\"Alicia Godebert\",\"url\":\"https:\/\/alicia-sophro.fr\/\",\"logo\":{\"@type\":\"ImageObject\",\"inLanguage\":\"fr-FR\",\"@id\":\"https:\/\/alicia-sophro.fr\/#\/schema\/logo\/image\/\",\"url\":\"https:\/\/alicia-sophro.fr\/wp-content\/uploads\/2024\/03\/Logo-Alicia-sophrologue.png\",\"contentUrl\":\"https:\/\/alicia-sophro.fr\/wp-content\/uploads\/2024\/03\/Logo-Alicia-sophrologue.png\",\"width\":1050,\"height\":600,\"caption\":\"Alicia Godebert\"},\"image\":{\"@id\":\"https:\/\/alicia-sophro.fr\/#\/schema\/logo\/image\/\"}}]}<\/script>\n<!-- \/ Yoast SEO plugin. -->","yoast_head_json":{"title":"S\u00e9ance entreprise - Alicia Godebert","description":"S\u00e9ance entreprise - D\u00e9couvrez comment la sophrologie peut contribuer \u00e0 votre bien-\u00eatre et \u00e0 votre performance au travail.","robots":{"index":"index","follow":"follow","max-snippet":"max-snippet:-1","max-image-preview":"max-image-preview:large","max-video-preview":"max-video-preview:-1"},"canonical":"https:\/\/alicia-sophro.fr\/index.php\/seance-entreprise\/","og_locale":"fr_FR","og_type":"article","og_title":"S\u00e9ance entreprise - Alicia Godebert","og_description":"S\u00e9ance entreprise - D\u00e9couvrez comment la sophrologie peut contribuer \u00e0 votre bien-\u00eatre et \u00e0 votre performance au travail.","og_url":"https:\/\/alicia-sophro.fr\/index.php\/seance-entreprise\/","og_site_name":"Alicia Godebert","article_modified_time":"2024-09-23T12:50:51+00:00","og_image":[{"url":"http:\/\/alicia-sophro.fr\/wp-content\/uploads\/2024\/03\/Fleurs-Seance-entreprise.png"}],"twitter_card":"summary_large_image","twitter_misc":{"Dur\u00e9e de lecture estim\u00e9e":"2 minutes"},"schema":{"@context":"https:\/\/schema.org","@graph":[{"@type":"WebPage","@id":"https:\/\/alicia-sophro.fr\/index.php\/seance-entreprise\/","url":"https:\/\/alicia-sophro.fr\/index.php\/seance-entreprise\/","name":"S\u00e9ance entreprise - Alicia Godebert","isPartOf":{"@id":"https:\/\/alicia-sophro.fr\/#website"},"primaryImageOfPage":{"@id":"https:\/\/alicia-sophro.fr\/index.php\/seance-entreprise\/#primaryimage"},"image":{"@id":"https:\/\/alicia-sophro.fr\/index.php\/seance-entreprise\/#primaryimage"},"thumbnailUrl":"http:\/\/alicia-sophro.fr\/wp-content\/uploads\/2024\/03\/Fleurs-Seance-entreprise.png","datePublished":"2024-03-31T14:30:42+00:00","dateModified":"2024-09-23T12:50:51+00:00","description":"S\u00e9ance entreprise - D\u00e9couvrez comment la sophrologie peut contribuer \u00e0 votre bien-\u00eatre et \u00e0 votre performance au travail.","breadcrumb":{"@id":"https:\/\/alicia-sophro.fr\/index.php\/seance-entreprise\/#breadcrumb"},"inLanguage":"fr-FR","potentialAction":[{"@type":"ReadAction","target":["https:\/\/alicia-sophro.fr\/index.php\/seance-entreprise\/"]}]},{"@type":"ImageObject","inLanguage":"fr-FR","@id":"https:\/\/alicia-sophro.fr\/index.php\/seance-entreprise\/#primaryimage","url":"https:\/\/alicia-sophro.fr\/wp-content\/uploads\/2024\/03\/Fleurs-Seance-entreprise.png","contentUrl":"https:\/\/alicia-sophro.fr\/wp-content\/uploads\/2024\/03\/Fleurs-Seance-entreprise.png","width":758,"height":944,"caption":"S\u00e9ance entreprise - Alicia Godebert Sophrologue"},{"@type":"BreadcrumbList","@id":"https:\/\/alicia-sophro.fr\/index.php\/seance-entreprise\/#breadcrumb","itemListElement":[{"@type":"ListItem","position":1,"name":"Accueil","item":"https:\/\/alicia-sophro.fr\/"},{"@type":"ListItem","position":2,"name":"S\u00e9ance entreprise"}]},{"@type":"WebSite","@id":"https:\/\/alicia-sophro.fr\/#website","url":"https:\/\/alicia-sophro.fr\/","name":"Alicia Godebert","description":"","publisher":{"@id":"https:\/\/alicia-sophro.fr\/#organization"},"potentialAction":[{"@type":"SearchAction","target":{"@type":"EntryPoint","urlTemplate":"https:\/\/alicia-sophro.fr\/?s={search_term_string}"},"query-input":"required name=search_term_string"}],"inLanguage":"fr-FR"},{"@type":"Organization","@id":"https:\/\/alicia-sophro.fr\/#organization","name":"Alicia Godebert","url":"https:\/\/alicia-sophro.fr\/","logo":{"@type":"ImageObject","inLanguage":"fr-FR","@id":"https:\/\/alicia-sophro.fr\/#\/schema\/logo\/image\/","url":"https:\/\/alicia-sophro.fr\/wp-content\/uploads\/2024\/03\/Logo-Alicia-sophrologue.png","contentUrl":"https:\/\/alicia-sophro.fr\/wp-content\/uploads\/2024\/03\/Logo-Alicia-sophrologue.png","width":1050,"height":600,"caption":"Alicia Godebert"},"image":{"@id":"https:\/\/alicia-sophro.fr\/#\/schema\/logo\/image\/"}}]}},"_links":{"self":[{"href":"https:\/\/alicia-sophro.fr\/index.php\/wp-json\/wp\/v2\/pages\/34","targetHints":{"allow":["GET"]}}],"collection":[{"href":"https:\/\/alicia-sophro.fr\/index.php\/wp-json\/wp\/v2\/pages"}],"about":[{"href":"https:\/\/alicia-sophro.fr\/index.php\/wp-json\/wp\/v2\/types\/page"}],"author":[{"embeddable":true,"href":"https:\/\/alicia-sophro.fr\/index.php\/wp-json\/wp\/v2\/users\/1"}],"replies":[{"embeddable":true,"href":"https:\/\/alicia-sophro.fr\/index.php\/wp-json\/wp\/v2\/comments?post=34"}],"version-history":[{"count":10,"href":"https:\/\/alicia-sophro.fr\/index.php\/wp-json\/wp\/v2\/pages\/34\/revisions"}],"predecessor-version":[{"id":366,"href":"https:\/\/alicia-sophro.fr\/index.php\/wp-json\/wp\/v2\/pages\/34\/revisions\/366"}],"wp:attachment":[{"href":"https:\/\/alicia-sophro.fr\/index.php\/wp-json\/wp\/v2\/media?parent=34"}],"curies":[{"name":"wp","href":"https:\/\/api.w.org\/{rel}","templated":true}]}}